{"id":34,"date":"2019-01-13T16:03:08","date_gmt":"2019-01-13T21:03:08","guid":{"rendered":"http:\/\/mehmetulutas.com\/?page_id=34"},"modified":"2024-01-30T10:02:55","modified_gmt":"2024-01-30T15:02:55","slug":"ozgecmisim","status":"publish","type":"page","link":"https:\/\/mehmetulutas.com\/index.php\/ozgecmisim\/","title":{"rendered":"\u00d6ZGE\u00c7M\u0130\u015e\/BIO"},"content":{"rendered":"\n<ul>\n<li>Be\u015f \u00e7ocuklu k\u00fc\u00e7\u00fck esnaf bir ailenin ilk \u00e7ocu\u011fu olarak 1973\u2019te \u0130skenderun\u2019da d\u00fcnyaya geldim.<\/li>\n\n\n\n<li>\u0130lkokulu \u0130skenderun\u2019da, ortaokul ve liseyi ise \u0130stanbul Kad\u0131k\u00f6y Anadolu Lisesi\u2019nde okudum.<\/li>\n\n\n\n<li>\u0130stanbul Teknik \u00dcniversitesi\u2019nde Makine M\u00fchendisli\u011fini bitirdikten sonra 1995 y\u0131l\u0131nda y\u00fcksek lisans yapmak i\u00e7in Amerika\u2019n\u0131n Florida eyaletindeki Miami \u00dcniversitesi\u2019ne kabul edildim.<\/li>\n\n\n\n<li>Miami \u00dcniversitesi\u2019nden \u0130\u015fletme ve Makina M\u00fchendisli\u011fi \u00fczerine iki y\u00fcksek lisans diplomas\u0131 ald\u0131m.<\/li>\n\n\n\n<li>\u0130ngilizce (anadili gibi), Almanca (orta seviye), Ispanyolca (orta seviye), Arapca (giri\u015f seviye) biliyorum.<\/li>\n\n\n\n<li>1999\u2019da d\u00fcnya \u00e7ap\u0131nda 3.000\u2019den fazla eleman\u0131 bulunan T. Y. Lin International m\u00fchendislik firmas\u0131na acemi m\u00fchendis olarak girdim ve zaman i\u00e7erisinde Ba\u015fkan Yard\u0131mc\u0131s\u0131 pozisyonuna y\u00fckseldim.<\/li>\n\n\n\n<li>Havaliman\u0131 geni\u015fletme ve geli\u015ftirme, u\u00e7ak yak\u0131t depolama ve da\u011f\u0131t\u0131m sistemlerinin dizayn\u0131 konular\u0131nda uzman\u0131m. Miami, Fort Lauderdale, Chicago, Los Angeles, Charlotte, Panama, Antigua, Saint Lucia, Dubai, Necran, Bogota ve bir \u00e7ok ba\u015fka \u00f6nemli havalimanlar\u0131na proje yapt\u0131m.<\/li>\n\n\n\n<li>\u0130GA \u0130stanbul Havaliman\u0131 yetkililerinin ABD\u2019ye yapt\u0131klar\u0131 ticari seyahatlerde onlara mihmandarl\u0131k yapt\u0131m.<\/li>\n\n\n\n<li>27 senedir ABD\u2019nin Florida eyaletinin Miami \u015fehrinde ikamet ediyorum.<\/li>\n\n\n\n<li>Evli ve iki \u00e7ocuk babas\u0131y\u0131m.<\/li>\n\n\n\n<li>\u0130nsanlar\u0131 tan\u0131may\u0131, sorunlar\u0131na \u00e7\u00f6z\u00fcm \u00fcretmeyi ve yard\u0131m etmeyi sevdi\u011fim i\u00e7in olsa gerek bana verilen lakab \u201cmuhtar\u201d.<\/li>\n\n\n\n<li>Kazand\u0131klar\u0131mla T\u00fcrkiye\u2019de konut, arsa ve di\u011fer yat\u0131r\u0131mlar yap\u0131yorum.<\/li>\n\n\n\n<li>TBMM 27. D\u00f6nem Se\u00e7imlerinde AK Parti\u2019den Hatay Milletvekilli\u011fi i\u00e7in Aday Aday\u0131 oldum.<\/li>\n\n\n\n<li>Fikirlerimi hem T\u00fcrk\u00e7e hem de \u0130ngilizce olarak k\u00f6\u015fe yaz\u0131lar\u0131 halinde okuyucular\u0131mla payla\u015f\u0131yorum.<\/li>\n\n\n\n<li>\u0130nternet \u00fczerinden yay\u0131n yapan habername.com gazetesinin ABD edit\u00f6r\u00fc ve k\u00f6\u015fe yazar\u0131y\u0131m.<\/li>\n\n\n\n<li>\u00dclke TV\u2019de canl\u0131 yay\u0131nlanan \u201c\u0130nce Fikir\u201d program\u0131nda \u00d6zlem Zengin\u2019in konuklar\u0131ndan biri oldum. Di\u011fer TV kanallar\u0131nda da canl\u0131 yay\u0131nlara ba\u011flan\u0131p fikirlerimi ifade ettim.<\/li>\n\n\n\n<li>Amerika\u2019ya ilk geldi\u011fim g\u00fcnden beri sadece T\u00fcrk toplumu icin de\u011fil, t\u00fcm Amerikan toplumu ve benim gibi g\u00f6\u00e7menlerin de yarar\u0131na olan sosyal faaliyetlerde bulunuyorum. Bu do\u011frultuda hizmet veren bir\u00e7ok dernek ve vak\u0131fta y\u00f6netici olarak g\u00f6rev yapt\u0131m ve yapmaya devam ediyorum. Bunlar\u0131 \u015f\u00f6yle s\u0131ralayabilirim:<\/li>\n<\/ul>\n\n\n\n<p>o TARF T\u00fcrk Amerikan Diyanet Vakf\u0131 Florida \u015eubesi Ba\u015fkan\u0131<\/p>\n\n\n\n<p>o\u00a0AAAB Miami Vilayeti Asyal\u0131 Amerikal\u0131lar Dan\u0131\u015fma Kurulu Y\u00f6netim Kurulu \u00dcyesi ve Eski Ba\u015fkan\u0131<\/p>\n\n\n\n<p>o&nbsp;AACA Azerbaycanl\u0131 Amerikal\u0131lar K\u00fclt\u00fcr Derne\u011fi Ba\u015fkan Yard\u0131mc\u0131s\u0131<\/p>\n\n\n\n<p>o&nbsp;COSMOS G\u00fcney Florida M\u00fcsl\u00fcman Dernekler \u00c7at\u0131 Birli\u011fi Y\u00f6netim Kurulu \u00dcyesi<\/p>\n\n\n\n<p>o&nbsp;TASC T\u00fcrk Amerikan Y\u00f6nlendirme Komitesi Florida Temsilcisi<\/p>\n\n\n\n<p>o EMGAGE M\u00fcsl\u00fcman Amerikal\u0131 Se\u00e7men Etkinle\u015ftirme Vakf\u0131 G\u00fcney Florida Eski \u015eube Ba\u015fkan\u0131<\/p>\n\n\n\n<p>o\u00a0M\u00dcS\u0130AD \u0130\u015fadamlar\u0131 Derne\u011fi ABD Florida Eski Temsilcisi<\/p>\n\n\n\n<p>o\u00a0ASKON Anadolu Aslanlar\u0131 \u0130\u015fadamlar\u0131 Derne\u011fi ABD Florida Eski Temsilcisi<\/p>\n\n\n\n<p>o&nbsp;ICGM Milli G\u00f6r\u00fc\u015f Amerika B\u00f6lgesi Florida Temsilcisi<\/p>\n\n\n\n<p>o&nbsp;HASENE \u0130nternational \u0130nsani Yard\u0131m Vakf\u0131 ABD B\u00f6lgesi Florida Temsilcisi<\/p>\n\n\n\n<p>o&nbsp;FIU Florida Uluslararas\u0131 \u00dcniversitesi Konuk E\u011fitmeni<\/p>\n\n\n\n<p>o&nbsp;Miami Herald Gazetesi Okur D\u00fc\u015f\u00fcnceleri K\u00f6\u015fesi Yazar\u0131<\/p>\n\n\n\n<p>o&nbsp;Amerikan Gazileri Hastanesi Takdir Sertifikas\u0131 Sahibi<\/p>\n\n\n\n<p>o&nbsp;Miami \u00dcniversitesi T\u00fcrk \u00d6grenci Derne\u011fi Eski Ba\u015fkan Yard\u0131mc\u0131s\u0131<\/p>\n\n\n\n<p>o&nbsp;Florida T\u00fcrk \u00d6grenci Derne\u011fi Eski Y\u00f6netim Kurulu \u00dcyesi<\/p>\n\n\n\n<p><strong>Bio<\/strong><\/p>\n\n\n\n<p>Associate Vice President of T. Y. Lin International Global Engineering Company<\/p>\n\n\n\n<p>President of Turkish-American Religious Foundation (TARF) Florida Chapter<\/p>\n\n\n\n<p>Chairperson of South Florida Chapter of EMGAGE<\/p>\n\n\n\n<p>Former Chair and Current Member of Miami-Dade County Asian American Advisory Board (AAAB)<\/p>\n\n\n\n<p>Vice Chair of Azerbaijani American Cultural Association (AACA)<\/p>\n\n\n\n<p>Executive Board Member of COSMOS, Coalition of South Florida Muslim Organizations<\/p>\n\n\n\n<p>Florida Representative of Turkish American Steering Committee (TASC)<\/p>\n\n\n\n<p>Florida Representative of ASKON Anatolian Lions Businessmen Association (Former)<\/p>\n\n\n\n<p>Florida Representative of Islamic Community Milli G\u00f6r\u00fc\u015f (ICMG) NGO<\/p>\n\n\n\n<p>Florida Representative of Hasene International Humanitarian Aid NGO<\/p>\n\n\n\n<p>U.S. Editor and Columnist at Habername.com Online Newspaper<\/p>\n\n\n\n<p>Former Vice President of Turkish Student Association at the University of Miami<\/p>\n\n\n\n<p>Former Director of Florida Turkish Student Association Southeast District<\/p>\n\n\n\n<p>Guest Lecturer on International Political Economy in Florida International University (FIU)<\/p>\n\n\n\n<p>Author of OPEDs Published in Miami Herald Newspaper<\/p>\n\n\n\n<p>Recipient of Certificate of Appreciation from Veteran Affairs Hospital<\/p>\n","protected":false},"excerpt":{"rendered":"<p>o TARF T\u00fcrk Amerikan Diyanet Vakf\u0131 Florida \u015eubesi Ba\u015fkan\u0131 o\u00a0AAAB Miami Vilayeti Asyal\u0131 Amerikal\u0131lar Dan\u0131\u015fma Kurulu Y\u00f6netim Kurulu \u00dcyesi ve Eski Ba\u015fkan\u0131 o&nbsp;AACA Azerbaycanl\u0131 Amerikal\u0131lar K\u00fclt\u00fcr Derne\u011fi Ba\u015fkan Yard\u0131mc\u0131s\u0131 o&nbsp;COSMOS G\u00fcney Florida M\u00fcsl\u00fcman Dernekler \u00c7at\u0131 Birli\u011fi Y\u00f6netim Kurulu \u00dcyesi o&nbsp;TASC T\u00fcrk Amerikan Y\u00f6nlendirme Komitesi Florida Temsilcisi o EMGAGE M\u00fcsl\u00fcman Amerikal\u0131 Se\u00e7men Etkinle\u015ftirme Vakf\u0131 G\u00fcney Florida [&hellip;]<\/p>\n","protected":false},"author":1,"featured_media":0,"parent":0,"menu_order":0,"comment_status":"closed","ping_status":"closed","template":"","meta":{"footnotes":""},"yoast_head":"<!-- This site is optimized with the Yoast SEO plugin v20.4 - https:\/\/yoast.com\/wordpress\/plugins\/seo\/ -->\n<title>\u00d6ZGE\u00c7M\u0130\u015e\/BIO - Mehmet Y. Uluta\u015f<\/title>\n<meta name=\"robots\" content=\"index, follow, max-snippet:-1, max-image-preview:large, max-video-preview:-1\" \/>\n<link rel=\"canonical\" href=\"https:\/\/mehmetulutas.com\/index.php\/ozgecmisim\/\" \/>\n<meta property=\"og:locale\" content=\"en_US\" \/>\n<meta property=\"og:type\" content=\"article\" \/>\n<meta property=\"og:title\" content=\"\u00d6ZGE\u00c7M\u0130\u015e\/BIO - Mehmet Y. Uluta\u015f\" \/>\n<meta property=\"og:description\" content=\"o TARF T\u00fcrk Amerikan Diyanet Vakf\u0131 Florida \u015eubesi Ba\u015fkan\u0131 o\u00a0AAAB Miami Vilayeti Asyal\u0131 Amerikal\u0131lar Dan\u0131\u015fma Kurulu Y\u00f6netim Kurulu \u00dcyesi ve Eski Ba\u015fkan\u0131 o&nbsp;AACA Azerbaycanl\u0131 Amerikal\u0131lar K\u00fclt\u00fcr Derne\u011fi Ba\u015fkan Yard\u0131mc\u0131s\u0131 o&nbsp;COSMOS G\u00fcney Florida M\u00fcsl\u00fcman Dernekler \u00c7at\u0131 Birli\u011fi Y\u00f6netim Kurulu \u00dcyesi o&nbsp;TASC T\u00fcrk Amerikan Y\u00f6nlendirme Komitesi Florida Temsilcisi o EMGAGE M\u00fcsl\u00fcman Amerikal\u0131 Se\u00e7men Etkinle\u015ftirme Vakf\u0131 G\u00fcney Florida [&hellip;]\" \/>\n<meta property=\"og:url\" content=\"https:\/\/mehmetulutas.com\/index.php\/ozgecmisim\/\" \/>\n<meta property=\"og:site_name\" content=\"Mehmet Y. Uluta\u015f\" \/>\n<meta property=\"article:modified_time\" content=\"2024-01-30T15:02:55+00:00\" \/>\n<meta name=\"twitter:card\" content=\"summary_large_image\" \/>\n<meta name=\"twitter:label1\" content=\"Est. reading time\" \/>\n\t<meta name=\"twitter:data1\" content=\"3 minutes\" \/>\n<script type=\"application\/ld+json\" class=\"yoast-schema-graph\">{\"@context\":\"https:\/\/schema.org\",\"@graph\":[{\"@type\":\"WebPage\",\"@id\":\"https:\/\/mehmetulutas.com\/index.php\/ozgecmisim\/\",\"url\":\"https:\/\/mehmetulutas.com\/index.php\/ozgecmisim\/\",\"name\":\"\u00d6ZGE\u00c7M\u0130\u015e\/BIO - Mehmet Y. Uluta\u015f\",\"isPartOf\":{\"@id\":\"https:\/\/mehmetulutas.com\/#website\"},\"datePublished\":\"2019-01-13T21:03:08+00:00\",\"dateModified\":\"2024-01-30T15:02:55+00:00\",\"breadcrumb\":{\"@id\":\"https:\/\/mehmetulutas.com\/index.php\/ozgecmisim\/#breadcrumb\"},\"inLanguage\":\"en-US\",\"potentialAction\":[{\"@type\":\"ReadAction\",\"target\":[\"https:\/\/mehmetulutas.com\/index.php\/ozgecmisim\/\"]}]},{\"@type\":\"BreadcrumbList\",\"@id\":\"https:\/\/mehmetulutas.com\/index.php\/ozgecmisim\/#breadcrumb\",\"itemListElement\":[{\"@type\":\"ListItem\",\"position\":1,\"name\":\"Home\",\"item\":\"https:\/\/mehmetulutas.com\/\"},{\"@type\":\"ListItem\",\"position\":2,\"name\":\"\u00d6ZGE\u00c7M\u0130\u015e\/BIO\"}]},{\"@type\":\"WebSite\",\"@id\":\"https:\/\/mehmetulutas.com\/#website\",\"url\":\"https:\/\/mehmetulutas.com\/\",\"name\":\"Mehmet Y Uluta\u015f Resmi Web Sitesi\",\"description\":\"G\u00f6r\u00fc\u015flerimi sade ve ak\u0131c\u0131 bir dille \u00f6zet olarak aktarmaya \u00e7al\u0131\u015ft\u0131\u011f\u0131m resmi web sitesi\",\"publisher\":{\"@id\":\"https:\/\/mehmetulutas.com\/#\/schema\/person\/8ef04e9307ace1ed7537ff440f5f34ab\"},\"potentialAction\":[{\"@type\":\"SearchAction\",\"target\":{\"@type\":\"EntryPoint\",\"urlTemplate\":\"https:\/\/mehmetulutas.com\/?s={search_term_string}\"},\"query-input\":\"required name=search_term_string\"}],\"inLanguage\":\"en-US\"},{\"@type\":[\"Person\",\"Organization\"],\"@id\":\"https:\/\/mehmetulutas.com\/#\/schema\/person\/8ef04e9307ace1ed7537ff440f5f34ab\",\"name\":\"mehmetulutas\",\"image\":{\"@type\":\"ImageObject\",\"inLanguage\":\"en-US\",\"@id\":\"https:\/\/mehmetulutas.com\/#\/schema\/person\/image\/\",\"url\":\"https:\/\/secure.gravatar.com\/avatar\/d3d722cb777fccb2bbc845f31c5dde66?s=96&d=mm&r=g\",\"contentUrl\":\"https:\/\/secure.gravatar.com\/avatar\/d3d722cb777fccb2bbc845f31c5dde66?s=96&d=mm&r=g\",\"caption\":\"mehmetulutas\"},\"logo\":{\"@id\":\"https:\/\/mehmetulutas.com\/#\/schema\/person\/image\/\"}}]}<\/script>\n<!-- \/ Yoast SEO plugin. -->","yoast_head_json":{"title":"\u00d6ZGE\u00c7M\u0130\u015e\/BIO - Mehmet Y. Uluta\u015f","robots":{"index":"index","follow":"follow","max-snippet":"max-snippet:-1","max-image-preview":"max-image-preview:large","max-video-preview":"max-video-preview:-1"},"canonical":"https:\/\/mehmetulutas.com\/index.php\/ozgecmisim\/","og_locale":"en_US","og_type":"article","og_title":"\u00d6ZGE\u00c7M\u0130\u015e\/BIO - Mehmet Y. Uluta\u015f","og_description":"o TARF T\u00fcrk Amerikan Diyanet Vakf\u0131 Florida \u015eubesi Ba\u015fkan\u0131 o\u00a0AAAB Miami Vilayeti Asyal\u0131 Amerikal\u0131lar Dan\u0131\u015fma Kurulu Y\u00f6netim Kurulu \u00dcyesi ve Eski Ba\u015fkan\u0131 o&nbsp;AACA Azerbaycanl\u0131 Amerikal\u0131lar K\u00fclt\u00fcr Derne\u011fi Ba\u015fkan Yard\u0131mc\u0131s\u0131 o&nbsp;COSMOS G\u00fcney Florida M\u00fcsl\u00fcman Dernekler \u00c7at\u0131 Birli\u011fi Y\u00f6netim Kurulu \u00dcyesi o&nbsp;TASC T\u00fcrk Amerikan Y\u00f6nlendirme Komitesi Florida Temsilcisi o EMGAGE M\u00fcsl\u00fcman Amerikal\u0131 Se\u00e7men Etkinle\u015ftirme Vakf\u0131 G\u00fcney Florida [&hellip;]","og_url":"https:\/\/mehmetulutas.com\/index.php\/ozgecmisim\/","og_site_name":"Mehmet Y. Uluta\u015f","article_modified_time":"2024-01-30T15:02:55+00:00","twitter_card":"summary_large_image","twitter_misc":{"Est. reading time":"3 minutes"},"schema":{"@context":"https:\/\/schema.org","@graph":[{"@type":"WebPage","@id":"https:\/\/mehmetulutas.com\/index.php\/ozgecmisim\/","url":"https:\/\/mehmetulutas.com\/index.php\/ozgecmisim\/","name":"\u00d6ZGE\u00c7M\u0130\u015e\/BIO - Mehmet Y. Uluta\u015f","isPartOf":{"@id":"https:\/\/mehmetulutas.com\/#website"},"datePublished":"2019-01-13T21:03:08+00:00","dateModified":"2024-01-30T15:02:55+00:00","breadcrumb":{"@id":"https:\/\/mehmetulutas.com\/index.php\/ozgecmisim\/#breadcrumb"},"inLanguage":"en-US","potentialAction":[{"@type":"ReadAction","target":["https:\/\/mehmetulutas.com\/index.php\/ozgecmisim\/"]}]},{"@type":"BreadcrumbList","@id":"https:\/\/mehmetulutas.com\/index.php\/ozgecmisim\/#breadcrumb","itemListElement":[{"@type":"ListItem","position":1,"name":"Home","item":"https:\/\/mehmetulutas.com\/"},{"@type":"ListItem","position":2,"name":"\u00d6ZGE\u00c7M\u0130\u015e\/BIO"}]},{"@type":"WebSite","@id":"https:\/\/mehmetulutas.com\/#website","url":"https:\/\/mehmetulutas.com\/","name":"Mehmet Y Uluta\u015f Resmi Web Sitesi","description":"G\u00f6r\u00fc\u015flerimi sade ve ak\u0131c\u0131 bir dille \u00f6zet olarak aktarmaya \u00e7al\u0131\u015ft\u0131\u011f\u0131m resmi web sitesi","publisher":{"@id":"https:\/\/mehmetulutas.com\/#\/schema\/person\/8ef04e9307ace1ed7537ff440f5f34ab"},"potentialAction":[{"@type":"SearchAction","target":{"@type":"EntryPoint","urlTemplate":"https:\/\/mehmetulutas.com\/?s={search_term_string}"},"query-input":"required name=search_term_string"}],"inLanguage":"en-US"},{"@type":["Person","Organization"],"@id":"https:\/\/mehmetulutas.com\/#\/schema\/person\/8ef04e9307ace1ed7537ff440f5f34ab","name":"mehmetulutas","image":{"@type":"ImageObject","inLanguage":"en-US","@id":"https:\/\/mehmetulutas.com\/#\/schema\/person\/image\/","url":"https:\/\/secure.gravatar.com\/avatar\/d3d722cb777fccb2bbc845f31c5dde66?s=96&d=mm&r=g","contentUrl":"https:\/\/secure.gravatar.com\/avatar\/d3d722cb777fccb2bbc845f31c5dde66?s=96&d=mm&r=g","caption":"mehmetulutas"},"logo":{"@id":"https:\/\/mehmetulutas.com\/#\/schema\/person\/image\/"}}]}},"_links":{"self":[{"href":"https:\/\/mehmetulutas.com\/index.php\/wp-json\/wp\/v2\/pages\/34"}],"collection":[{"href":"https:\/\/mehmetulutas.com\/index.php\/wp-json\/wp\/v2\/pages"}],"about":[{"href":"https:\/\/mehmetulutas.com\/index.php\/wp-json\/wp\/v2\/types\/page"}],"author":[{"embeddable":true,"href":"https:\/\/mehmetulutas.com\/index.php\/wp-json\/wp\/v2\/users\/1"}],"replies":[{"embeddable":true,"href":"https:\/\/mehmetulutas.com\/index.php\/wp-json\/wp\/v2\/comments?post=34"}],"version-history":[{"count":19,"href":"https:\/\/mehmetulutas.com\/index.php\/wp-json\/wp\/v2\/pages\/34\/revisions"}],"predecessor-version":[{"id":1358,"href":"https:\/\/mehmetulutas.com\/index.php\/wp-json\/wp\/v2\/pages\/34\/revisions\/1358"}],"wp:attachment":[{"href":"https:\/\/mehmetulutas.com\/index.php\/wp-json\/wp\/v2\/media?parent=34"}],"curies":[{"name":"wp","href":"https:\/\/api.w.org\/{rel}","templated":true}]}}