{"id":38,"date":"2019-01-13T16:10:52","date_gmt":"2019-01-13T21:10:52","guid":{"rendered":"http:\/\/mehmetulutas.com\/?page_id=38"},"modified":"2020-10-30T06:40:08","modified_gmt":"2020-10-30T10:40:08","slug":"fotograflarim","status":"publish","type":"page","link":"https:\/\/mehmetulutas.com\/index.php\/fotograflarim\/","title":{"rendered":"Foto\u011fraflar\u0131m"},"content":{"rendered":"\n<figure class=\"wp-block-image\"><img loading=\"lazy\" decoding=\"async\" width=\"720\" height=\"960\" src=\"http:\/\/mehmetulutas.com\/wp-content\/uploads\/2019\/01\/31543237_975210792657011_5326384601004769280_n.jpg\" alt=\"\" class=\"wp-image-39\" srcset=\"https:\/\/mehmetulutas.com\/wp-content\/uploads\/2019\/01\/31543237_975210792657011_5326384601004769280_n.jpg 720w, https:\/\/mehmetulutas.com\/wp-content\/uploads\/2019\/01\/31543237_975210792657011_5326384601004769280_n-225x300.jpg 225w\" sizes=\"(max-width: 720px) 100vw, 720px\" \/><figcaption>15 Temmuz Demokrasi Y\u00fcr\u00fcy\u00fc\u015f\u00fcnde Ailemle Beraber<br><\/figcaption><\/figure>\n\n\n\n<figure class=\"wp-block-image size-large\"><img loading=\"lazy\" decoding=\"async\" width=\"1024\" height=\"682\" src=\"http:\/\/mehmetulutas.com\/wp-content\/uploads\/2020\/05\/7b7016ab-d340-402d-ab3d-bc7beb62e0ee.jpg\" alt=\"\" class=\"wp-image-720\" srcset=\"https:\/\/mehmetulutas.com\/wp-content\/uploads\/2020\/05\/7b7016ab-d340-402d-ab3d-bc7beb62e0ee.jpg 1024w, https:\/\/mehmetulutas.com\/wp-content\/uploads\/2020\/05\/7b7016ab-d340-402d-ab3d-bc7beb62e0ee-300x200.jpg 300w, https:\/\/mehmetulutas.com\/wp-content\/uploads\/2020\/05\/7b7016ab-d340-402d-ab3d-bc7beb62e0ee-768x512.jpg 768w\" sizes=\"(max-width: 1024px) 100vw, 1024px\" \/><figcaption>D\u0131\u015fi\u015fleri Bakan\u0131m\u0131z Mevl\u00fct \u00c7avu\u015fo\u011flu&#8217;na Miami Belediye&#8217;sinin berat\u0131n\u0131 takdim ederken.<\/figcaption><\/figure>\n\n\n\n<figure class=\"wp-block-image size-large\"><img loading=\"lazy\" decoding=\"async\" width=\"576\" height=\"1024\" src=\"http:\/\/mehmetulutas.com\/wp-content\/uploads\/2020\/05\/d3d4bab2-39d2-4dc9-a983-18941a52be4b-576x1024.jpg\" alt=\"\" class=\"wp-image-721\" srcset=\"https:\/\/mehmetulutas.com\/wp-content\/uploads\/2020\/05\/d3d4bab2-39d2-4dc9-a983-18941a52be4b-576x1024.jpg 576w, https:\/\/mehmetulutas.com\/wp-content\/uploads\/2020\/05\/d3d4bab2-39d2-4dc9-a983-18941a52be4b-169x300.jpg 169w, https:\/\/mehmetulutas.com\/wp-content\/uploads\/2020\/05\/d3d4bab2-39d2-4dc9-a983-18941a52be4b-768x1366.jpg 768w, https:\/\/mehmetulutas.com\/wp-content\/uploads\/2020\/05\/d3d4bab2-39d2-4dc9-a983-18941a52be4b-864x1536.jpg 864w, https:\/\/mehmetulutas.com\/wp-content\/uploads\/2020\/05\/d3d4bab2-39d2-4dc9-a983-18941a52be4b.jpg 899w\" sizes=\"(max-width: 576px) 100vw, 576px\" \/><figcaption>Fort Lauderdale Belediye Ba\u015fkan\u0131 ile sohbet ettik.<\/figcaption><\/figure>\n\n\n\n<figure class=\"wp-block-image size-large\"><img loading=\"lazy\" decoding=\"async\" width=\"768\" height=\"1024\" src=\"http:\/\/mehmetulutas.com\/wp-content\/uploads\/2020\/05\/IMG_0621.jpg\" alt=\"\" class=\"wp-image-722\" srcset=\"https:\/\/mehmetulutas.com\/wp-content\/uploads\/2020\/05\/IMG_0621.jpg 768w, https:\/\/mehmetulutas.com\/wp-content\/uploads\/2020\/05\/IMG_0621-225x300.jpg 225w\" sizes=\"(max-width: 768px) 100vw, 768px\" \/><figcaption>Amerikan Ba\u015fkan Aday\u0131 ve d\u00fcnyan\u0131n en zengin 11. insani Michael Bloomberg ile T\u00fcrkiye hakk\u0131nda sohbet ettik.<\/figcaption><\/figure>\n\n\n\n<figure class=\"wp-block-image size-large\"><img loading=\"lazy\" decoding=\"async\" width=\"638\" height=\"803\" src=\"http:\/\/mehmetulutas.com\/wp-content\/uploads\/2020\/05\/IMG_1006.jpg\" alt=\"\" class=\"wp-image-723\" srcset=\"https:\/\/mehmetulutas.com\/wp-content\/uploads\/2020\/05\/IMG_1006.jpg 638w, https:\/\/mehmetulutas.com\/wp-content\/uploads\/2020\/05\/IMG_1006-238x300.jpg 238w\" sizes=\"(max-width: 638px) 100vw, 638px\" \/><figcaption>COSMOS gala gecesinde konu\u015fma yaparken.<\/figcaption><\/figure>\n\n\n\n<figure class=\"wp-block-image size-large\"><img loading=\"lazy\" decoding=\"async\" width=\"1024\" height=\"788\" src=\"http:\/\/mehmetulutas.com\/wp-content\/uploads\/2020\/05\/IMG_1247-1024x788.jpg\" alt=\"\" class=\"wp-image-733\" srcset=\"https:\/\/mehmetulutas.com\/wp-content\/uploads\/2020\/05\/IMG_1247-1024x788.jpg 1024w, https:\/\/mehmetulutas.com\/wp-content\/uploads\/2020\/05\/IMG_1247-300x231.jpg 300w, https:\/\/mehmetulutas.com\/wp-content\/uploads\/2020\/05\/IMG_1247-768x591.jpg 768w, https:\/\/mehmetulutas.com\/wp-content\/uploads\/2020\/05\/IMG_1247-1536x1181.jpg 1536w, https:\/\/mehmetulutas.com\/wp-content\/uploads\/2020\/05\/IMG_1247-2048x1575.jpg 2048w\" sizes=\"(max-width: 1024px) 100vw, 1024px\" \/><figcaption>AK Parti s\u00f6zc\u00fcs\u00fc \u00d6mer \u00c7elik ile beraber.<\/figcaption><\/figure>\n\n\n\n<figure class=\"wp-block-image\"><img loading=\"lazy\" decoding=\"async\" width=\"720\" height=\"960\" src=\"http:\/\/mehmetulutas.com\/wp-content\/uploads\/2019\/01\/31727689_975211259323631_7193086729123790848_n.jpg\" alt=\"\" class=\"wp-image-40\" srcset=\"https:\/\/mehmetulutas.com\/wp-content\/uploads\/2019\/01\/31727689_975211259323631_7193086729123790848_n.jpg 720w, https:\/\/mehmetulutas.com\/wp-content\/uploads\/2019\/01\/31727689_975211259323631_7193086729123790848_n-225x300.jpg 225w\" sizes=\"(max-width: 720px) 100vw, 720px\" \/><figcaption>Ailem<\/figcaption><\/figure>\n\n\n\n<figure class=\"wp-block-image\"><img loading=\"lazy\" decoding=\"async\" width=\"720\" height=\"960\" src=\"http:\/\/mehmetulutas.com\/wp-content\/uploads\/2019\/01\/32294327_981484922029598_2342540085964046336_n.jpg\" alt=\"\" class=\"wp-image-41\" srcset=\"https:\/\/mehmetulutas.com\/wp-content\/uploads\/2019\/01\/32294327_981484922029598_2342540085964046336_n.jpg 720w, https:\/\/mehmetulutas.com\/wp-content\/uploads\/2019\/01\/32294327_981484922029598_2342540085964046336_n-225x300.jpg 225w\" sizes=\"(max-width: 720px) 100vw, 720px\" \/><figcaption>Antakya&#8217;da<\/figcaption><\/figure>\n\n\n\n<figure class=\"wp-block-image\"><img loading=\"lazy\" decoding=\"async\" width=\"960\" height=\"960\" src=\"http:\/\/mehmetulutas.com\/wp-content\/uploads\/2019\/01\/36311766_1013620128816077_6765212904456192000_n.jpg\" alt=\"\" class=\"wp-image-42\" srcset=\"https:\/\/mehmetulutas.com\/wp-content\/uploads\/2019\/01\/36311766_1013620128816077_6765212904456192000_n.jpg 960w, https:\/\/mehmetulutas.com\/wp-content\/uploads\/2019\/01\/36311766_1013620128816077_6765212904456192000_n-150x150.jpg 150w, https:\/\/mehmetulutas.com\/wp-content\/uploads\/2019\/01\/36311766_1013620128816077_6765212904456192000_n-300x300.jpg 300w, https:\/\/mehmetulutas.com\/wp-content\/uploads\/2019\/01\/36311766_1013620128816077_6765212904456192000_n-768x768.jpg 768w\" sizes=\"(max-width: 960px) 100vw, 960px\" \/><figcaption>Arsuz&#8217;da<\/figcaption><\/figure>\n\n\n\n<figure class=\"wp-block-image\"><img loading=\"lazy\" decoding=\"async\" width=\"960\" height=\"960\" src=\"http:\/\/mehmetulutas.com\/wp-content\/uploads\/2019\/01\/38666819_1060502820794474_8127881640929132544_n-1.jpg\" alt=\"\" class=\"wp-image-43\" srcset=\"https:\/\/mehmetulutas.com\/wp-content\/uploads\/2019\/01\/38666819_1060502820794474_8127881640929132544_n-1.jpg 960w, https:\/\/mehmetulutas.com\/wp-content\/uploads\/2019\/01\/38666819_1060502820794474_8127881640929132544_n-1-150x150.jpg 150w, https:\/\/mehmetulutas.com\/wp-content\/uploads\/2019\/01\/38666819_1060502820794474_8127881640929132544_n-1-300x300.jpg 300w, https:\/\/mehmetulutas.com\/wp-content\/uploads\/2019\/01\/38666819_1060502820794474_8127881640929132544_n-1-768x768.jpg 768w\" sizes=\"(max-width: 960px) 100vw, 960px\" \/><\/figure>\n","protected":false},"excerpt":{"rendered":"","protected":false},"author":1,"featured_media":0,"parent":0,"menu_order":0,"comment_status":"closed","ping_status":"closed","template":"","meta":{"footnotes":""},"yoast_head":"<!-- This site is optimized with the Yoast SEO plugin v20.4 - https:\/\/yoast.com\/wordpress\/plugins\/seo\/ -->\n<title>Foto\u011fraflar\u0131m - Mehmet Y. Uluta\u015f<\/title>\n<meta name=\"robots\" content=\"index, follow, max-snippet:-1, max-image-preview:large, max-video-preview:-1\" \/>\n<link rel=\"canonical\" href=\"https:\/\/mehmetulutas.com\/index.php\/fotograflarim\/\" \/>\n<meta property=\"og:locale\" content=\"en_US\" \/>\n<meta property=\"og:type\" content=\"article\" \/>\n<meta property=\"og:title\" content=\"Foto\u011fraflar\u0131m - Mehmet Y. Uluta\u015f\" \/>\n<meta property=\"og:url\" content=\"https:\/\/mehmetulutas.com\/index.php\/fotograflarim\/\" \/>\n<meta property=\"og:site_name\" content=\"Mehmet Y. Uluta\u015f\" \/>\n<meta property=\"article:modified_time\" content=\"2020-10-30T10:40:08+00:00\" \/>\n<meta property=\"og:image\" content=\"http:\/\/mehmetulutas.com\/wp-content\/uploads\/2019\/01\/31543237_975210792657011_5326384601004769280_n.jpg\" \/>\n<meta name=\"twitter:card\" content=\"summary_large_image\" \/>\n<script type=\"application\/ld+json\" class=\"yoast-schema-graph\">{\"@context\":\"https:\/\/schema.org\",\"@graph\":[{\"@type\":\"WebPage\",\"@id\":\"https:\/\/mehmetulutas.com\/index.php\/fotograflarim\/\",\"url\":\"https:\/\/mehmetulutas.com\/index.php\/fotograflarim\/\",\"name\":\"Foto\u011fraflar\u0131m - Mehmet Y. Uluta\u015f\",\"isPartOf\":{\"@id\":\"https:\/\/mehmetulutas.com\/#website\"},\"datePublished\":\"2019-01-13T21:10:52+00:00\",\"dateModified\":\"2020-10-30T10:40:08+00:00\",\"breadcrumb\":{\"@id\":\"https:\/\/mehmetulutas.com\/index.php\/fotograflarim\/#breadcrumb\"},\"inLanguage\":\"en-US\",\"potentialAction\":[{\"@type\":\"ReadAction\",\"target\":[\"https:\/\/mehmetulutas.com\/index.php\/fotograflarim\/\"]}]},{\"@type\":\"BreadcrumbList\",\"@id\":\"https:\/\/mehmetulutas.com\/index.php\/fotograflarim\/#breadcrumb\",\"itemListElement\":[{\"@type\":\"ListItem\",\"position\":1,\"name\":\"Home\",\"item\":\"https:\/\/mehmetulutas.com\/\"},{\"@type\":\"ListItem\",\"position\":2,\"name\":\"Foto\u011fraflar\u0131m\"}]},{\"@type\":\"WebSite\",\"@id\":\"https:\/\/mehmetulutas.com\/#website\",\"url\":\"https:\/\/mehmetulutas.com\/\",\"name\":\"Mehmet Y Uluta\u015f Resmi Web Sitesi\",\"description\":\"G\u00f6r\u00fc\u015flerimi sade ve ak\u0131c\u0131 bir dille \u00f6zet olarak aktarmaya \u00e7al\u0131\u015ft\u0131\u011f\u0131m resmi web sitesi\",\"publisher\":{\"@id\":\"https:\/\/mehmetulutas.com\/#\/schema\/person\/8ef04e9307ace1ed7537ff440f5f34ab\"},\"potentialAction\":[{\"@type\":\"SearchAction\",\"target\":{\"@type\":\"EntryPoint\",\"urlTemplate\":\"https:\/\/mehmetulutas.com\/?s={search_term_string}\"},\"query-input\":\"required name=search_term_string\"}],\"inLanguage\":\"en-US\"},{\"@type\":[\"Person\",\"Organization\"],\"@id\":\"https:\/\/mehmetulutas.com\/#\/schema\/person\/8ef04e9307ace1ed7537ff440f5f34ab\",\"name\":\"mehmetulutas\",\"image\":{\"@type\":\"ImageObject\",\"inLanguage\":\"en-US\",\"@id\":\"https:\/\/mehmetulutas.com\/#\/schema\/person\/image\/\",\"url\":\"https:\/\/secure.gravatar.com\/avatar\/d3d722cb777fccb2bbc845f31c5dde66?s=96&d=mm&r=g\",\"contentUrl\":\"https:\/\/secure.gravatar.com\/avatar\/d3d722cb777fccb2bbc845f31c5dde66?s=96&d=mm&r=g\",\"caption\":\"mehmetulutas\"},\"logo\":{\"@id\":\"https:\/\/mehmetulutas.com\/#\/schema\/person\/image\/\"}}]}<\/script>\n<!-- \/ Yoast SEO plugin. -->","yoast_head_json":{"title":"Foto\u011fraflar\u0131m - Mehmet Y. Uluta\u015f","robots":{"index":"index","follow":"follow","max-snippet":"max-snippet:-1","max-image-preview":"max-image-preview:large","max-video-preview":"max-video-preview:-1"},"canonical":"https:\/\/mehmetulutas.com\/index.php\/fotograflarim\/","og_locale":"en_US","og_type":"article","og_title":"Foto\u011fraflar\u0131m - Mehmet Y. Uluta\u015f","og_url":"https:\/\/mehmetulutas.com\/index.php\/fotograflarim\/","og_site_name":"Mehmet Y. Uluta\u015f","article_modified_time":"2020-10-30T10:40:08+00:00","og_image":[{"url":"http:\/\/mehmetulutas.com\/wp-content\/uploads\/2019\/01\/31543237_975210792657011_5326384601004769280_n.jpg"}],"twitter_card":"summary_large_image","schema":{"@context":"https:\/\/schema.org","@graph":[{"@type":"WebPage","@id":"https:\/\/mehmetulutas.com\/index.php\/fotograflarim\/","url":"https:\/\/mehmetulutas.com\/index.php\/fotograflarim\/","name":"Foto\u011fraflar\u0131m - Mehmet Y. Uluta\u015f","isPartOf":{"@id":"https:\/\/mehmetulutas.com\/#website"},"datePublished":"2019-01-13T21:10:52+00:00","dateModified":"2020-10-30T10:40:08+00:00","breadcrumb":{"@id":"https:\/\/mehmetulutas.com\/index.php\/fotograflarim\/#breadcrumb"},"inLanguage":"en-US","potentialAction":[{"@type":"ReadAction","target":["https:\/\/mehmetulutas.com\/index.php\/fotograflarim\/"]}]},{"@type":"BreadcrumbList","@id":"https:\/\/mehmetulutas.com\/index.php\/fotograflarim\/#breadcrumb","itemListElement":[{"@type":"ListItem","position":1,"name":"Home","item":"https:\/\/mehmetulutas.com\/"},{"@type":"ListItem","position":2,"name":"Foto\u011fraflar\u0131m"}]},{"@type":"WebSite","@id":"https:\/\/mehmetulutas.com\/#website","url":"https:\/\/mehmetulutas.com\/","name":"Mehmet Y Uluta\u015f Resmi Web Sitesi","description":"G\u00f6r\u00fc\u015flerimi sade ve ak\u0131c\u0131 bir dille \u00f6zet olarak aktarmaya \u00e7al\u0131\u015ft\u0131\u011f\u0131m resmi web sitesi","publisher":{"@id":"https:\/\/mehmetulutas.com\/#\/schema\/person\/8ef04e9307ace1ed7537ff440f5f34ab"},"potentialAction":[{"@type":"SearchAction","target":{"@type":"EntryPoint","urlTemplate":"https:\/\/mehmetulutas.com\/?s={search_term_string}"},"query-input":"required name=search_term_string"}],"inLanguage":"en-US"},{"@type":["Person","Organization"],"@id":"https:\/\/mehmetulutas.com\/#\/schema\/person\/8ef04e9307ace1ed7537ff440f5f34ab","name":"mehmetulutas","image":{"@type":"ImageObject","inLanguage":"en-US","@id":"https:\/\/mehmetulutas.com\/#\/schema\/person\/image\/","url":"https:\/\/secure.gravatar.com\/avatar\/d3d722cb777fccb2bbc845f31c5dde66?s=96&d=mm&r=g","contentUrl":"https:\/\/secure.gravatar.com\/avatar\/d3d722cb777fccb2bbc845f31c5dde66?s=96&d=mm&r=g","caption":"mehmetulutas"},"logo":{"@id":"https:\/\/mehmetulutas.com\/#\/schema\/person\/image\/"}}]}},"_links":{"self":[{"href":"https:\/\/mehmetulutas.com\/index.php\/wp-json\/wp\/v2\/pages\/38"}],"collection":[{"href":"https:\/\/mehmetulutas.com\/index.php\/wp-json\/wp\/v2\/pages"}],"about":[{"href":"https:\/\/mehmetulutas.com\/index.php\/wp-json\/wp\/v2\/types\/page"}],"author":[{"embeddable":true,"href":"https:\/\/mehmetulutas.com\/index.php\/wp-json\/wp\/v2\/users\/1"}],"replies":[{"embeddable":true,"href":"https:\/\/mehmetulutas.com\/index.php\/wp-json\/wp\/v2\/comments?post=38"}],"version-history":[{"count":9,"href":"https:\/\/mehmetulutas.com\/index.php\/wp-json\/wp\/v2\/pages\/38\/revisions"}],"predecessor-version":[{"id":1062,"href":"https:\/\/mehmetulutas.com\/index.php\/wp-json\/wp\/v2\/pages\/38\/revisions\/1062"}],"wp:attachment":[{"href":"https:\/\/mehmetulutas.com\/index.php\/wp-json\/wp\/v2\/media?parent=38"}],"curies":[{"name":"wp","href":"https:\/\/api.w.org\/{rel}","templated":true}]}}