{"id":621,"date":"2020-05-06T03:36:21","date_gmt":"2020-05-06T07:36:21","guid":{"rendered":"http:\/\/mehmetulutas.com\/?page_id=621"},"modified":"2022-09-28T10:30:52","modified_gmt":"2022-09-28T14:30:52","slug":"videolar","status":"publish","type":"page","link":"https:\/\/mehmetulutas.com\/index.php\/videolar\/","title":{"rendered":"Videolar\u0131m"},"content":{"rendered":"\n<figure class=\"wp-block-embed is-provider-youtube wp-block-embed-youtube\"><div class=\"wp-block-embed__wrapper\">\nhttps:\/\/www.youtube.com\/channel\/UCEoIZX8VhfePNEQZ8d_cHQg\n<\/div><\/figure>\n\n\n\n<figure class=\"wp-block-embed is-type-video is-provider-youtube wp-block-embed-youtube wp-embed-aspect-16-9 wp-has-aspect-ratio\"><div class=\"wp-block-embed__wrapper\">\n<iframe loading=\"lazy\" title=\"From an Engineer\/Journalist\u2019s Perspective: (Mehmet Ya\u015far Uluta\u015f)\" width=\"640\" height=\"360\" src=\"https:\/\/www.youtube.com\/embed\/fUvXtaUZlzo?feature=oembed\" frameborder=\"0\" allow=\"accelerometer; autoplay; clipboard-write; encrypted-media; gyroscope; picture-in-picture; web-share\" referrerpolicy=\"strict-origin-when-cross-origin\" allowfullscreen><\/iframe>\n<\/div><\/figure>\n\n\n\n<figure class=\"wp-block-embed is-type-video is-provider-youtube wp-block-embed-youtube wp-embed-aspect-16-9 wp-has-aspect-ratio\"><div class=\"wp-block-embed__wrapper\">\nhttps:\/\/www.youtube.com\/watch?v=HCVBZJyqzvM\n<\/div><\/figure>\n\n\n\n<figure class=\"wp-block-embed is-type-video is-provider-youtube wp-block-embed-youtube wp-embed-aspect-16-9 wp-has-aspect-ratio\"><div class=\"wp-block-embed__wrapper\">\n<iframe loading=\"lazy\" title=\"\u0130nce Fikir - Fadime \u00d6zkan | \u00d6zlem Zengin | Mehmet Ya\u015far Uluta\u015f | K\u0131l\u0131\u00e7 Bu\u011fra Kanat | 24 Ocak 2021\" width=\"640\" height=\"360\" src=\"https:\/\/www.youtube.com\/embed\/YUKZgXxJ0Z8?feature=oembed\" frameborder=\"0\" allow=\"accelerometer; autoplay; clipboard-write; encrypted-media; gyroscope; picture-in-picture; web-share\" referrerpolicy=\"strict-origin-when-cross-origin\" allowfullscreen><\/iframe>\n<\/div><\/figure>\n\n\n\n<figure class=\"wp-block-embed is-type-video is-provider-youtube wp-block-embed-youtube wp-embed-aspect-16-9 wp-has-aspect-ratio\"><div class=\"wp-block-embed__wrapper\">\n<iframe loading=\"lazy\" title=\"M\u00dcS\u0130AD EXPO 2020 - Mehmet Ya\u015far ULUTA\u015e \/ M\u00dcS\u0130AD Florida Temsilcisi\" width=\"640\" height=\"360\" src=\"https:\/\/www.youtube.com\/embed\/NXfmVavrHRw?feature=oembed\" frameborder=\"0\" allow=\"accelerometer; autoplay; clipboard-write; encrypted-media; gyroscope; picture-in-picture; web-share\" referrerpolicy=\"strict-origin-when-cross-origin\" allowfullscreen><\/iframe>\n<\/div><\/figure>\n\n\n\n<figure class=\"wp-block-embed is-type-video is-provider-youtube wp-block-embed-youtube wp-embed-aspect-16-9 wp-has-aspect-ratio\"><div class=\"wp-block-embed__wrapper\">\n<iframe loading=\"lazy\" title=\"Joe Biden D\u00f6nemi &amp; Avusturya&#039;da Siyasal \u0130slam Bilmecesi | Sel\u00e7uk \u00c7i\u00e7ek ile As\u0131l Mesele - 16 Kas\u0131m 20\" width=\"640\" height=\"360\" src=\"https:\/\/www.youtube.com\/embed\/LH6n4xJHhTw?feature=oembed\" frameborder=\"0\" allow=\"accelerometer; autoplay; clipboard-write; encrypted-media; gyroscope; picture-in-picture; web-share\" referrerpolicy=\"strict-origin-when-cross-origin\" allowfullscreen><\/iframe>\n<\/div><\/figure>\n\n\n\n<figure class=\"wp-block-embed is-type-video is-provider-youtube wp-block-embed-youtube wp-embed-aspect-16-9 wp-has-aspect-ratio\"><div class=\"wp-block-embed__wrapper\">\n<iframe loading=\"lazy\" title=\"D\u0131\u015fi\u015fleri Bakan\u0131m\u0131z Mevl\u00fct \u00c7avu\u015fo\u011flu Miami&#039;de Misafirimiz Oldu\" width=\"640\" height=\"360\" src=\"https:\/\/www.youtube.com\/embed\/b6nh9DrrFIc?feature=oembed\" frameborder=\"0\" allow=\"accelerometer; autoplay; clipboard-write; encrypted-media; gyroscope; picture-in-picture; web-share\" referrerpolicy=\"strict-origin-when-cross-origin\" allowfullscreen><\/iframe>\n<\/div><\/figure>\n\n\n\n<figure class=\"wp-block-embed is-type-video is-provider-youtube wp-block-embed-youtube wp-embed-aspect-16-9 wp-has-aspect-ratio\"><div class=\"wp-block-embed__wrapper\">\n<iframe loading=\"lazy\" title=\"Fenerbah\u00e7e | 2020\/21 Sezonu Transferleri\" width=\"640\" height=\"360\" src=\"https:\/\/www.youtube.com\/embed\/wuKKrevCjFE?feature=oembed\" frameborder=\"0\" allow=\"accelerometer; autoplay; clipboard-write; encrypted-media; gyroscope; picture-in-picture; web-share\" referrerpolicy=\"strict-origin-when-cross-origin\" allowfullscreen><\/iframe>\n<\/div><\/figure>\n\n\n\n<figure class=\"wp-block-embed is-type-video is-provider-youtube wp-block-embed-youtube wp-embed-aspect-16-9 wp-has-aspect-ratio\"><div class=\"wp-block-embed__wrapper\">\n<iframe loading=\"lazy\" title=\"Malum Pandemi Hastal\u0131\u011f\u0131n\u0131 Nas\u0131l Kapt\u0131m\" width=\"640\" height=\"360\" src=\"https:\/\/www.youtube.com\/embed\/dWJmqSSnT60?feature=oembed\" frameborder=\"0\" allow=\"accelerometer; autoplay; clipboard-write; encrypted-media; gyroscope; picture-in-picture; web-share\" referrerpolicy=\"strict-origin-when-cross-origin\" allowfullscreen><\/iframe>\n<\/div><\/figure>\n\n\n\n<figure class=\"wp-block-embed is-type-rich is-provider-instagram wp-block-embed-instagram\"><div class=\"wp-block-embed__wrapper\">\nhttps:\/\/www.instagram.com\/tv\/B_-yAkIJcV6\/?igshid=1mr1usch5a8kd\n<\/div><\/figure>\n\n\n\n<figure class=\"wp-block-embed-wordpress wp-block-embed is-type-rich is-provider-twitter\"><div class=\"wp-block-embed__wrapper\">\n<blockquote class=\"twitter-tweet\" data-width=\"550\" data-dnt=\"true\"><p lang=\"tr\" dir=\"ltr\">ABD halk\u0131 y\u00f6netimden memnun mu? ABD&#39;de son durum nas\u0131l? Mehmet Ya\u015far Uluta\u015f aktar\u0131yor <a href=\"https:\/\/t.co\/AUMzWN1CcI\">pic.twitter.com\/AUMzWN1CcI<\/a><\/p>&mdash; 24 TV (@yirmidorttv) <a href=\"https:\/\/twitter.com\/yirmidorttv\/status\/1249809286651416577?ref_src=twsrc%5Etfw\">April 13, 2020<\/a><\/blockquote><script async src=\"https:\/\/platform.twitter.com\/widgets.js\" charset=\"utf-8\"><\/script>\n<\/div><\/figure>\n\n\n\n<figure class=\"wp-block-embed-wordpress wp-block-embed is-type-video is-provider-facebook\"><div class=\"wp-block-embed__wrapper\">\nhttps:\/\/www.facebook.com\/263327716521\/videos\/929860114110372\/\n<\/div><\/figure>\n\n\n\n<figure class=\"wp-block-embed is-type-video is-provider-youtube wp-block-embed-youtube wp-embed-aspect-16-9 wp-has-aspect-ratio\"><div class=\"wp-block-embed__wrapper\">\n<iframe loading=\"lazy\" title=\"Koronavir\u00fcs Sonras\u0131 Hayat\u0131m\u0131z Nas\u0131l De\u011fi\u015fecek? - Mehmet Ya\u015far Uluta\u015f \/ ABD\" width=\"640\" height=\"360\" src=\"https:\/\/www.youtube.com\/embed\/AC0EuTp-bM8?feature=oembed\" frameborder=\"0\" allow=\"accelerometer; autoplay; clipboard-write; encrypted-media; gyroscope; picture-in-picture; web-share\" referrerpolicy=\"strict-origin-when-cross-origin\" allowfullscreen><\/iframe>\n<\/div><\/figure>\n\n\n\n<figure class=\"wp-block-video\"><video controls src=\"http:\/\/mehmetulutas.com\/wp-content\/uploads\/2020\/05\/cosmos-2020-video.mp4\"><\/video><\/figure>\n\n\n\n<figure class=\"wp-block-embed is-type-video is-provider-youtube wp-block-embed-youtube wp-embed-aspect-16-9 wp-has-aspect-ratio\"><div class=\"wp-block-embed__wrapper\">\n<iframe loading=\"lazy\" title=\"Mehmet Ulutas-COSMOS member introducing Dr Daniel Alvarez of FIU\u2014Award Recipient\" width=\"640\" height=\"360\" src=\"https:\/\/www.youtube.com\/embed\/ERIKdEAuWL8?feature=oembed\" frameborder=\"0\" allow=\"accelerometer; autoplay; clipboard-write; encrypted-media; gyroscope; picture-in-picture; web-share\" referrerpolicy=\"strict-origin-when-cross-origin\" allowfullscreen><\/iframe>\n<\/div><\/figure>\n","protected":false},"excerpt":{"rendered":"","protected":false},"author":1,"featured_media":0,"parent":0,"menu_order":0,"comment_status":"closed","ping_status":"closed","template":"","meta":{"footnotes":""},"yoast_head":"<!-- This site is optimized with the Yoast SEO plugin v20.4 - https:\/\/yoast.com\/wordpress\/plugins\/seo\/ -->\n<title>Videolar\u0131m - Mehmet Y. Uluta\u015f<\/title>\n<meta name=\"robots\" content=\"index, follow, max-snippet:-1, max-image-preview:large, max-video-preview:-1\" \/>\n<link rel=\"canonical\" href=\"https:\/\/mehmetulutas.com\/index.php\/videolar\/\" \/>\n<meta property=\"og:locale\" content=\"en_US\" \/>\n<meta property=\"og:type\" content=\"article\" \/>\n<meta property=\"og:title\" content=\"Videolar\u0131m - Mehmet Y. Uluta\u015f\" \/>\n<meta property=\"og:url\" content=\"https:\/\/mehmetulutas.com\/index.php\/videolar\/\" \/>\n<meta property=\"og:site_name\" content=\"Mehmet Y. Uluta\u015f\" \/>\n<meta property=\"article:modified_time\" content=\"2022-09-28T14:30:52+00:00\" \/>\n<meta name=\"twitter:card\" content=\"summary_large_image\" \/>\n<meta name=\"twitter:label1\" content=\"Est. reading time\" \/>\n\t<meta name=\"twitter:data1\" content=\"1 minute\" \/>\n<script type=\"application\/ld+json\" class=\"yoast-schema-graph\">{\"@context\":\"https:\/\/schema.org\",\"@graph\":[{\"@type\":\"WebPage\",\"@id\":\"https:\/\/mehmetulutas.com\/index.php\/videolar\/\",\"url\":\"https:\/\/mehmetulutas.com\/index.php\/videolar\/\",\"name\":\"Videolar\u0131m - Mehmet Y. Uluta\u015f\",\"isPartOf\":{\"@id\":\"https:\/\/mehmetulutas.com\/#website\"},\"datePublished\":\"2020-05-06T07:36:21+00:00\",\"dateModified\":\"2022-09-28T14:30:52+00:00\",\"breadcrumb\":{\"@id\":\"https:\/\/mehmetulutas.com\/index.php\/videolar\/#breadcrumb\"},\"inLanguage\":\"en-US\",\"potentialAction\":[{\"@type\":\"ReadAction\",\"target\":[\"https:\/\/mehmetulutas.com\/index.php\/videolar\/\"]}]},{\"@type\":\"BreadcrumbList\",\"@id\":\"https:\/\/mehmetulutas.com\/index.php\/videolar\/#breadcrumb\",\"itemListElement\":[{\"@type\":\"ListItem\",\"position\":1,\"name\":\"Home\",\"item\":\"https:\/\/mehmetulutas.com\/\"},{\"@type\":\"ListItem\",\"position\":2,\"name\":\"Videolar\u0131m\"}]},{\"@type\":\"WebSite\",\"@id\":\"https:\/\/mehmetulutas.com\/#website\",\"url\":\"https:\/\/mehmetulutas.com\/\",\"name\":\"Mehmet Y Uluta\u015f Resmi Web Sitesi\",\"description\":\"G\u00f6r\u00fc\u015flerimi sade ve ak\u0131c\u0131 bir dille \u00f6zet olarak aktarmaya \u00e7al\u0131\u015ft\u0131\u011f\u0131m resmi web sitesi\",\"publisher\":{\"@id\":\"https:\/\/mehmetulutas.com\/#\/schema\/person\/8ef04e9307ace1ed7537ff440f5f34ab\"},\"potentialAction\":[{\"@type\":\"SearchAction\",\"target\":{\"@type\":\"EntryPoint\",\"urlTemplate\":\"https:\/\/mehmetulutas.com\/?s={search_term_string}\"},\"query-input\":\"required name=search_term_string\"}],\"inLanguage\":\"en-US\"},{\"@type\":[\"Person\",\"Organization\"],\"@id\":\"https:\/\/mehmetulutas.com\/#\/schema\/person\/8ef04e9307ace1ed7537ff440f5f34ab\",\"name\":\"mehmetulutas\",\"image\":{\"@type\":\"ImageObject\",\"inLanguage\":\"en-US\",\"@id\":\"https:\/\/mehmetulutas.com\/#\/schema\/person\/image\/\",\"url\":\"https:\/\/secure.gravatar.com\/avatar\/d3d722cb777fccb2bbc845f31c5dde66?s=96&d=mm&r=g\",\"contentUrl\":\"https:\/\/secure.gravatar.com\/avatar\/d3d722cb777fccb2bbc845f31c5dde66?s=96&d=mm&r=g\",\"caption\":\"mehmetulutas\"},\"logo\":{\"@id\":\"https:\/\/mehmetulutas.com\/#\/schema\/person\/image\/\"}}]}<\/script>\n<!-- \/ Yoast SEO plugin. -->","yoast_head_json":{"title":"Videolar\u0131m - Mehmet Y. Uluta\u015f","robots":{"index":"index","follow":"follow","max-snippet":"max-snippet:-1","max-image-preview":"max-image-preview:large","max-video-preview":"max-video-preview:-1"},"canonical":"https:\/\/mehmetulutas.com\/index.php\/videolar\/","og_locale":"en_US","og_type":"article","og_title":"Videolar\u0131m - Mehmet Y. Uluta\u015f","og_url":"https:\/\/mehmetulutas.com\/index.php\/videolar\/","og_site_name":"Mehmet Y. Uluta\u015f","article_modified_time":"2022-09-28T14:30:52+00:00","twitter_card":"summary_large_image","twitter_misc":{"Est. reading time":"1 minute"},"schema":{"@context":"https:\/\/schema.org","@graph":[{"@type":"WebPage","@id":"https:\/\/mehmetulutas.com\/index.php\/videolar\/","url":"https:\/\/mehmetulutas.com\/index.php\/videolar\/","name":"Videolar\u0131m - Mehmet Y. Uluta\u015f","isPartOf":{"@id":"https:\/\/mehmetulutas.com\/#website"},"datePublished":"2020-05-06T07:36:21+00:00","dateModified":"2022-09-28T14:30:52+00:00","breadcrumb":{"@id":"https:\/\/mehmetulutas.com\/index.php\/videolar\/#breadcrumb"},"inLanguage":"en-US","potentialAction":[{"@type":"ReadAction","target":["https:\/\/mehmetulutas.com\/index.php\/videolar\/"]}]},{"@type":"BreadcrumbList","@id":"https:\/\/mehmetulutas.com\/index.php\/videolar\/#breadcrumb","itemListElement":[{"@type":"ListItem","position":1,"name":"Home","item":"https:\/\/mehmetulutas.com\/"},{"@type":"ListItem","position":2,"name":"Videolar\u0131m"}]},{"@type":"WebSite","@id":"https:\/\/mehmetulutas.com\/#website","url":"https:\/\/mehmetulutas.com\/","name":"Mehmet Y Uluta\u015f Resmi Web Sitesi","description":"G\u00f6r\u00fc\u015flerimi sade ve ak\u0131c\u0131 bir dille \u00f6zet olarak aktarmaya \u00e7al\u0131\u015ft\u0131\u011f\u0131m resmi web sitesi","publisher":{"@id":"https:\/\/mehmetulutas.com\/#\/schema\/person\/8ef04e9307ace1ed7537ff440f5f34ab"},"potentialAction":[{"@type":"SearchAction","target":{"@type":"EntryPoint","urlTemplate":"https:\/\/mehmetulutas.com\/?s={search_term_string}"},"query-input":"required name=search_term_string"}],"inLanguage":"en-US"},{"@type":["Person","Organization"],"@id":"https:\/\/mehmetulutas.com\/#\/schema\/person\/8ef04e9307ace1ed7537ff440f5f34ab","name":"mehmetulutas","image":{"@type":"ImageObject","inLanguage":"en-US","@id":"https:\/\/mehmetulutas.com\/#\/schema\/person\/image\/","url":"https:\/\/secure.gravatar.com\/avatar\/d3d722cb777fccb2bbc845f31c5dde66?s=96&d=mm&r=g","contentUrl":"https:\/\/secure.gravatar.com\/avatar\/d3d722cb777fccb2bbc845f31c5dde66?s=96&d=mm&r=g","caption":"mehmetulutas"},"logo":{"@id":"https:\/\/mehmetulutas.com\/#\/schema\/person\/image\/"}}]}},"_links":{"self":[{"href":"https:\/\/mehmetulutas.com\/index.php\/wp-json\/wp\/v2\/pages\/621"}],"collection":[{"href":"https:\/\/mehmetulutas.com\/index.php\/wp-json\/wp\/v2\/pages"}],"about":[{"href":"https:\/\/mehmetulutas.com\/index.php\/wp-json\/wp\/v2\/types\/page"}],"author":[{"embeddable":true,"href":"https:\/\/mehmetulutas.com\/index.php\/wp-json\/wp\/v2\/users\/1"}],"replies":[{"embeddable":true,"href":"https:\/\/mehmetulutas.com\/index.php\/wp-json\/wp\/v2\/comments?post=621"}],"version-history":[{"count":18,"href":"https:\/\/mehmetulutas.com\/index.php\/wp-json\/wp\/v2\/pages\/621\/revisions"}],"predecessor-version":[{"id":1299,"href":"https:\/\/mehmetulutas.com\/index.php\/wp-json\/wp\/v2\/pages\/621\/revisions\/1299"}],"wp:attachment":[{"href":"https:\/\/mehmetulutas.com\/index.php\/wp-json\/wp\/v2\/media?parent=621"}],"curies":[{"name":"wp","href":"https:\/\/api.w.org\/{rel}","templated":true}]}}